{"id":18,"date":"2025-10-27T20:28:12","date_gmt":"2025-10-27T20:28:12","guid":{"rendered":"https:\/\/renaud-keymeulen.be\/?page_id=18"},"modified":"2025-10-30T12:49:22","modified_gmt":"2025-10-30T12:49:22","slug":"expertise","status":"publish","type":"page","link":"https:\/\/renaud-keymeulen.be\/index.php\/expertise\/","title":{"rendered":"Expertise"},"content":{"rendered":"\n<div class=\"wp-block-group alignfull has-global-padding is-layout-constrained wp-block-group-is-layout-constrained\">\n<div class=\"wp-block-group alignfull has-accent-background-color has-background has-global-padding is-layout-constrained wp-container-core-group-is-layout-669513ed wp-block-group-is-layout-constrained\" style=\"margin-top:0;margin-bottom:0;padding-top:var(--wp--preset--spacing--50);padding-right:var(--wp--preset--spacing--50);padding-bottom:var(--wp--preset--spacing--50);padding-left:var(--wp--preset--spacing--50)\">\n<div class=\"wp-block-columns alignwide is-layout-flex wp-container-core-columns-is-layout-1da03c2a wp-block-columns-is-layout-flex\">\n<div class=\"wp-block-column is-vertically-aligned-stretch is-layout-flow wp-block-column-is-layout-flow\" style=\"flex-basis:50%\">\n<h2 class=\"wp-block-heading\">La p\u00e9dagogie<\/h2>\n\n\n\n<p>Une expertise qui s&rsquo;illustre \u00e0 travers de nombreux ouvrages qui touche \u00e0 l&rsquo;enseignement fondamentale et secondaire.<\/p>\n\n\n\n<p>On retrouve la diff\u00e9renciation, la coop\u00e9ration, les intelligences multiples, la ludop\u00e9dagogie ainsi que les p\u00e9dagogies actives.<\/p>\n\n\n\n<h2 class=\"wp-block-heading\">Orientation et avenir des jeunes<\/h2>\n\n\n\n<p>Redonner du sens \u00e0 l&rsquo;enseignement via la mise en projet est une obligation pour lutter contre le d\u00e9crochage. Apprendre aux \u00e9l\u00e8ves \u00e0 se conna\u00eetre, \u00e0 d\u00e9couvrir le monde du travail et \u00e0 d\u00e9finir son projet personnel fait partie de mon quotidien. Un travail qui  a abouti \u00e0 la r\u00e9alisation de jeux \u00e9ducatifs sur le sujet.<\/p>\n<\/div>\n\n\n\n<div class=\"wp-block-column is-vertically-aligned-center is-layout-flow wp-block-column-is-layout-flow\" style=\"flex-basis:50%\">\n<h2 class=\"wp-block-heading\">Enseignants, personnel \u00e9ducatif et \u00e9l\u00e8ves<\/h2>\n\n\n\n<p>Formateur pendant plus de 15 ans, le domaine de la formation continue n&rsquo;a plus de secret.<\/p>\n\n\n\n<p>Au bout de \u00ab\u00a030 ans\u00a0\u00bb d&rsquo;exp\u00e9riences, d&rsquo;un passage par la case de direction et de nombreuses crises au sein de notre syst\u00e8me \u00e9ducatif. Je suis convaincu que r\u00e9former notre enseignement pour revaloriser le m\u00e9tier d&rsquo;enseignants, apporter du bien-\u00eatre aux professeurs et aux \u00e9l\u00e8ves sont une priorit\u00e9. Poursuivre le travail sur l&rsquo;Inclusion,  les am\u00e9nagements raisonnables et le harc\u00e8lement pour les \u00e9l\u00e8ves et oeuvrer pour r\u00e9duire l&rsquo;\u00e9puisement mental de nos \u00e9quipes \u00e9ducatives.<\/p>\n<\/div>\n<\/div>\n<\/div>\n<\/div>\n\n\n\n<div class=\"wp-block-group alignfull has-global-padding is-layout-constrained wp-block-group-is-layout-constrained\">\n<div class=\"wp-block-group alignfull has-accent-background-color has-background has-global-padding is-layout-constrained wp-container-core-group-is-layout-669513ed wp-block-group-is-layout-constrained\" style=\"margin-top:0;margin-bottom:0;padding-top:var(--wp--preset--spacing--50);padding-right:var(--wp--preset--spacing--50);padding-bottom:var(--wp--preset--spacing--50);padding-left:var(--wp--preset--spacing--50)\">\n<div class=\"wp-block-columns alignwide is-layout-flex wp-container-core-columns-is-layout-1da03c2a wp-block-columns-is-layout-flex\">\n<div class=\"wp-block-column is-vertically-aligned-stretch is-layout-flow wp-block-column-is-layout-flow\" style=\"flex-basis:50%\">\n<h2 class=\"wp-block-heading\">Apprentisssage et r\u00e9ussite scolaire<\/h2>\n\n\n\n<p>Fondateur d&rsquo;une \u00e9cole de devoirs, coach scolaire, directeur, devant mettre en oeuvre un contrat d&rsquo;objectifs, auteur et enseignant&#8230;.de nombreuses exp\u00e9riences qui ont permis de prendre du recuel et de remettre en perspective la perspective de l&rsquo;\u00e9chec scolaire et favoriser la mise en place de nouvelles pratiques.<\/p>\n\n\n\n<p><\/p>\n<\/div>\n\n\n\n<div class=\"wp-block-column is-vertically-aligned-center is-layout-flow wp-block-column-is-layout-flow\" style=\"flex-basis:50%\">\n<figure class=\"wp-block-image size-large\"><img loading=\"lazy\" decoding=\"async\" width=\"1024\" height=\"683\" src=\"https:\/\/renaud-keymeulen.be\/wp-content\/uploads\/2025\/10\/ChatGPT-Image-29-oct.-2025-20_12_28-1024x683.png\" alt=\"\" class=\"wp-image-141\" srcset=\"https:\/\/renaud-keymeulen.be\/wp-content\/uploads\/2025\/10\/ChatGPT-Image-29-oct.-2025-20_12_28-1024x683.png 1024w, https:\/\/renaud-keymeulen.be\/wp-content\/uploads\/2025\/10\/ChatGPT-Image-29-oct.-2025-20_12_28-300x200.png 300w, https:\/\/renaud-keymeulen.be\/wp-content\/uploads\/2025\/10\/ChatGPT-Image-29-oct.-2025-20_12_28-768x512.png 768w, https:\/\/renaud-keymeulen.be\/wp-content\/uploads\/2025\/10\/ChatGPT-Image-29-oct.-2025-20_12_28.png 1536w\" sizes=\"auto, (max-width: 1024px) 100vw, 1024px\" \/><\/figure>\n<\/div>\n<\/div>\n<\/div>\n<\/div>\n\n\n\n<div class=\"wp-block-group alignfull has-global-padding is-layout-constrained wp-block-group-is-layout-constrained\">\n<div class=\"wp-block-group alignfull has-accent-background-color has-background has-global-padding is-layout-constrained wp-container-core-group-is-layout-669513ed wp-block-group-is-layout-constrained\" style=\"margin-top:0;margin-bottom:0;padding-top:var(--wp--preset--spacing--50);padding-right:var(--wp--preset--spacing--50);padding-bottom:var(--wp--preset--spacing--50);padding-left:var(--wp--preset--spacing--50)\">\n<div class=\"wp-block-columns alignwide is-layout-flex wp-container-core-columns-is-layout-1da03c2a wp-block-columns-is-layout-flex\">\n<div class=\"wp-block-column is-vertically-aligned-stretch is-layout-flow wp-block-column-is-layout-flow\" style=\"flex-basis:50%\">\n<h2 class=\"wp-block-heading\">Le num\u00e9rique<\/h2>\n\n\n\n<p>Int\u00e9grant le num\u00e9rique dans sa pratique d&rsquo;enseignant, ayant mis en place un plan dans un \u00e9tablissement scolaire qui \u00e9tait en retard dans le domaine, utilisant l&rsquo;intelligence artificielle dans sa pratique d&rsquo;enseignant, auteurs de plusieurs sites internets p\u00e9dagogiques et en formation de technop\u00e9daogue, le num\u00e9rique fait partie de mon quotidien, de mes exp\u00e9riences et de mes comp\u00e9tences.<\/p>\n<\/div>\n\n\n\n<div class=\"wp-block-column is-vertically-aligned-center is-layout-flow wp-block-column-is-layout-flow\" style=\"flex-basis:50%\">\n<figure class=\"wp-block-image size-large\"><img loading=\"lazy\" decoding=\"async\" width=\"1024\" height=\"683\" src=\"https:\/\/renaud-keymeulen.be\/wp-content\/uploads\/2025\/10\/ChatGPT-Image-29-oct.-2025-18_56_39-1-1024x683.png\" alt=\"\" class=\"wp-image-140\" srcset=\"https:\/\/renaud-keymeulen.be\/wp-content\/uploads\/2025\/10\/ChatGPT-Image-29-oct.-2025-18_56_39-1-1024x683.png 1024w, https:\/\/renaud-keymeulen.be\/wp-content\/uploads\/2025\/10\/ChatGPT-Image-29-oct.-2025-18_56_39-1-300x200.png 300w, https:\/\/renaud-keymeulen.be\/wp-content\/uploads\/2025\/10\/ChatGPT-Image-29-oct.-2025-18_56_39-1-768x512.png 768w, https:\/\/renaud-keymeulen.be\/wp-content\/uploads\/2025\/10\/ChatGPT-Image-29-oct.-2025-18_56_39-1.png 1536w\" sizes=\"auto, (max-width: 1024px) 100vw, 1024px\" \/><\/figure>\n<\/div>\n<\/div>\n<\/div>\n<\/div>\n","protected":false},"excerpt":{"rendered":"<p>La p\u00e9dagogie Une expertise qui s&rsquo;illustre \u00e0 travers de nombreux ouvrages qui touche \u00e0 l&rsquo;enseignement fondamentale et secondaire. On retrouve la diff\u00e9renciation, la coop\u00e9ration, les intelligences multiples, la ludop\u00e9dagogie ainsi que les p\u00e9dagogies actives. Orientation et avenir des jeunes Redonner du sens \u00e0 l&rsquo;enseignement via la mise en projet est une obligation pour lutter contre [&hellip;]<\/p>\n","protected":false},"author":1,"featured_media":0,"parent":0,"menu_order":0,"comment_status":"closed","ping_status":"closed","template":"","meta":{"footnotes":""},"class_list":["post-18","page","type-page","status-publish","hentry"],"yoast_head":"<!-- This site is optimized with the Yoast SEO plugin v26.2 - https:\/\/yoast.com\/wordpress\/plugins\/seo\/ -->\n<title>Expertise - Pour un autre enseignement<\/title>\n<meta name=\"robots\" content=\"index, follow, max-snippet:-1, max-image-preview:large, max-video-preview:-1\" \/>\n<link rel=\"canonical\" href=\"https:\/\/renaud-keymeulen.be\/index.php\/expertise\/\" \/>\n<meta property=\"og:locale\" content=\"fr_FR\" \/>\n<meta property=\"og:type\" content=\"article\" \/>\n<meta property=\"og:title\" content=\"Expertise - Pour un autre enseignement\" \/>\n<meta property=\"og:description\" content=\"La p\u00e9dagogie Une expertise qui s&rsquo;illustre \u00e0 travers de nombreux ouvrages qui touche \u00e0 l&rsquo;enseignement fondamentale et secondaire. On retrouve la diff\u00e9renciation, la coop\u00e9ration, les intelligences multiples, la ludop\u00e9dagogie ainsi que les p\u00e9dagogies actives. Orientation et avenir des jeunes Redonner du sens \u00e0 l&rsquo;enseignement via la mise en projet est une obligation pour lutter contre [&hellip;]\" \/>\n<meta property=\"og:url\" content=\"https:\/\/renaud-keymeulen.be\/index.php\/expertise\/\" \/>\n<meta property=\"og:site_name\" content=\"Pour un autre enseignement\" \/>\n<meta property=\"article:modified_time\" content=\"2025-10-30T12:49:22+00:00\" \/>\n<meta property=\"og:image\" content=\"https:\/\/renaud-keymeulen.be\/wp-content\/uploads\/2025\/10\/ChatGPT-Image-29-oct.-2025-20_12_28-1024x683.png\" \/>\n<meta name=\"twitter:card\" content=\"summary_large_image\" \/>\n<meta name=\"twitter:label1\" content=\"Dur\u00e9e de lecture est.\" \/>\n\t<meta name=\"twitter:data1\" content=\"2 minutes\" \/>\n<script type=\"application\/ld+json\" class=\"yoast-schema-graph\">{\"@context\":\"https:\/\/schema.org\",\"@graph\":[{\"@type\":\"WebPage\",\"@id\":\"https:\/\/renaud-keymeulen.be\/index.php\/expertise\/\",\"url\":\"https:\/\/renaud-keymeulen.be\/index.php\/expertise\/\",\"name\":\"Expertise - Pour un autre enseignement\",\"isPartOf\":{\"@id\":\"http:\/\/renaud-keymeulen.be\/#website\"},\"primaryImageOfPage\":{\"@id\":\"https:\/\/renaud-keymeulen.be\/index.php\/expertise\/#primaryimage\"},\"image\":{\"@id\":\"https:\/\/renaud-keymeulen.be\/index.php\/expertise\/#primaryimage\"},\"thumbnailUrl\":\"https:\/\/renaud-keymeulen.be\/wp-content\/uploads\/2025\/10\/ChatGPT-Image-29-oct.-2025-20_12_28-1024x683.png\",\"datePublished\":\"2025-10-27T20:28:12+00:00\",\"dateModified\":\"2025-10-30T12:49:22+00:00\",\"breadcrumb\":{\"@id\":\"https:\/\/renaud-keymeulen.be\/index.php\/expertise\/#breadcrumb\"},\"inLanguage\":\"fr-BE\",\"potentialAction\":[{\"@type\":\"ReadAction\",\"target\":[\"https:\/\/renaud-keymeulen.be\/index.php\/expertise\/\"]}]},{\"@type\":\"ImageObject\",\"inLanguage\":\"fr-BE\",\"@id\":\"https:\/\/renaud-keymeulen.be\/index.php\/expertise\/#primaryimage\",\"url\":\"https:\/\/renaud-keymeulen.be\/wp-content\/uploads\/2025\/10\/ChatGPT-Image-29-oct.-2025-20_12_28.png\",\"contentUrl\":\"https:\/\/renaud-keymeulen.be\/wp-content\/uploads\/2025\/10\/ChatGPT-Image-29-oct.-2025-20_12_28.png\",\"width\":1536,\"height\":1024},{\"@type\":\"BreadcrumbList\",\"@id\":\"https:\/\/renaud-keymeulen.be\/index.php\/expertise\/#breadcrumb\",\"itemListElement\":[{\"@type\":\"ListItem\",\"position\":1,\"name\":\"Accueil\",\"item\":\"http:\/\/renaud-keymeulen.be\/\"},{\"@type\":\"ListItem\",\"position\":2,\"name\":\"Expertise\"}]},{\"@type\":\"WebSite\",\"@id\":\"http:\/\/renaud-keymeulen.be\/#website\",\"url\":\"http:\/\/renaud-keymeulen.be\/\",\"name\":\"Pour un autre enseignement\",\"description\":\"Apprendre avec plaisir et efficacit\u00e9 devrait \u00eatre un minimum pour notre enseignement\",\"potentialAction\":[{\"@type\":\"SearchAction\",\"target\":{\"@type\":\"EntryPoint\",\"urlTemplate\":\"http:\/\/renaud-keymeulen.be\/?s={search_term_string}\"},\"query-input\":{\"@type\":\"PropertyValueSpecification\",\"valueRequired\":true,\"valueName\":\"search_term_string\"}}],\"inLanguage\":\"fr-BE\"}]}<\/script>\n<!-- \/ Yoast SEO plugin. -->","yoast_head_json":{"title":"Expertise - Pour un autre enseignement","robots":{"index":"index","follow":"follow","max-snippet":"max-snippet:-1","max-image-preview":"max-image-preview:large","max-video-preview":"max-video-preview:-1"},"canonical":"https:\/\/renaud-keymeulen.be\/index.php\/expertise\/","og_locale":"fr_FR","og_type":"article","og_title":"Expertise - Pour un autre enseignement","og_description":"La p\u00e9dagogie Une expertise qui s&rsquo;illustre \u00e0 travers de nombreux ouvrages qui touche \u00e0 l&rsquo;enseignement fondamentale et secondaire. On retrouve la diff\u00e9renciation, la coop\u00e9ration, les intelligences multiples, la ludop\u00e9dagogie ainsi que les p\u00e9dagogies actives. Orientation et avenir des jeunes Redonner du sens \u00e0 l&rsquo;enseignement via la mise en projet est une obligation pour lutter contre [&hellip;]","og_url":"https:\/\/renaud-keymeulen.be\/index.php\/expertise\/","og_site_name":"Pour un autre enseignement","article_modified_time":"2025-10-30T12:49:22+00:00","og_image":[{"url":"https:\/\/renaud-keymeulen.be\/wp-content\/uploads\/2025\/10\/ChatGPT-Image-29-oct.-2025-20_12_28-1024x683.png","type":"","width":"","height":""}],"twitter_card":"summary_large_image","twitter_misc":{"Dur\u00e9e de lecture est.":"2 minutes"},"schema":{"@context":"https:\/\/schema.org","@graph":[{"@type":"WebPage","@id":"https:\/\/renaud-keymeulen.be\/index.php\/expertise\/","url":"https:\/\/renaud-keymeulen.be\/index.php\/expertise\/","name":"Expertise - Pour un autre enseignement","isPartOf":{"@id":"http:\/\/renaud-keymeulen.be\/#website"},"primaryImageOfPage":{"@id":"https:\/\/renaud-keymeulen.be\/index.php\/expertise\/#primaryimage"},"image":{"@id":"https:\/\/renaud-keymeulen.be\/index.php\/expertise\/#primaryimage"},"thumbnailUrl":"https:\/\/renaud-keymeulen.be\/wp-content\/uploads\/2025\/10\/ChatGPT-Image-29-oct.-2025-20_12_28-1024x683.png","datePublished":"2025-10-27T20:28:12+00:00","dateModified":"2025-10-30T12:49:22+00:00","breadcrumb":{"@id":"https:\/\/renaud-keymeulen.be\/index.php\/expertise\/#breadcrumb"},"inLanguage":"fr-BE","potentialAction":[{"@type":"ReadAction","target":["https:\/\/renaud-keymeulen.be\/index.php\/expertise\/"]}]},{"@type":"ImageObject","inLanguage":"fr-BE","@id":"https:\/\/renaud-keymeulen.be\/index.php\/expertise\/#primaryimage","url":"https:\/\/renaud-keymeulen.be\/wp-content\/uploads\/2025\/10\/ChatGPT-Image-29-oct.-2025-20_12_28.png","contentUrl":"https:\/\/renaud-keymeulen.be\/wp-content\/uploads\/2025\/10\/ChatGPT-Image-29-oct.-2025-20_12_28.png","width":1536,"height":1024},{"@type":"BreadcrumbList","@id":"https:\/\/renaud-keymeulen.be\/index.php\/expertise\/#breadcrumb","itemListElement":[{"@type":"ListItem","position":1,"name":"Accueil","item":"http:\/\/renaud-keymeulen.be\/"},{"@type":"ListItem","position":2,"name":"Expertise"}]},{"@type":"WebSite","@id":"http:\/\/renaud-keymeulen.be\/#website","url":"http:\/\/renaud-keymeulen.be\/","name":"Pour un autre enseignement","description":"Apprendre avec plaisir et efficacit\u00e9 devrait \u00eatre un minimum pour notre enseignement","potentialAction":[{"@type":"SearchAction","target":{"@type":"EntryPoint","urlTemplate":"http:\/\/renaud-keymeulen.be\/?s={search_term_string}"},"query-input":{"@type":"PropertyValueSpecification","valueRequired":true,"valueName":"search_term_string"}}],"inLanguage":"fr-BE"}]}},"_links":{"self":[{"href":"https:\/\/renaud-keymeulen.be\/index.php\/wp-json\/wp\/v2\/pages\/18","targetHints":{"allow":["GET"]}}],"collection":[{"href":"https:\/\/renaud-keymeulen.be\/index.php\/wp-json\/wp\/v2\/pages"}],"about":[{"href":"https:\/\/renaud-keymeulen.be\/index.php\/wp-json\/wp\/v2\/types\/page"}],"author":[{"embeddable":true,"href":"https:\/\/renaud-keymeulen.be\/index.php\/wp-json\/wp\/v2\/users\/1"}],"replies":[{"embeddable":true,"href":"https:\/\/renaud-keymeulen.be\/index.php\/wp-json\/wp\/v2\/comments?post=18"}],"version-history":[{"count":8,"href":"https:\/\/renaud-keymeulen.be\/index.php\/wp-json\/wp\/v2\/pages\/18\/revisions"}],"predecessor-version":[{"id":147,"href":"https:\/\/renaud-keymeulen.be\/index.php\/wp-json\/wp\/v2\/pages\/18\/revisions\/147"}],"wp:attachment":[{"href":"https:\/\/renaud-keymeulen.be\/index.php\/wp-json\/wp\/v2\/media?parent=18"}],"curies":[{"name":"wp","href":"https:\/\/api.w.org\/{rel}","templated":true}]}}